{"id":94,"date":"2023-08-30T23:35:01","date_gmt":"2023-08-30T23:35:01","guid":{"rendered":"https:\/\/shop.luxfon.eu\/?post_type=product&#038;p=94"},"modified":"2023-08-30T23:37:53","modified_gmt":"2023-08-30T23:37:53","slug":"linearis-tapegyseg-5v-1a-stabilizalt","status":"publish","type":"product","link":"https:\/\/shop.luxfon.eu\/?product=linearis-tapegyseg-5v-1a-stabilizalt","title":{"rendered":"Line\u00e1ris t\u00e1pegys\u00e9g 5V \/ 1A (stabiliz\u00e1lt)"},"content":{"rendered":"<p><img loading=\"lazy\" decoding=\"async\" class=\"alignnone size-medium wp-image-90\" src=\"http:\/\/shop.luxfon.eu\/wp-content\/uploads\/2023\/08\/LTL78-002-300x157.jpeg\" alt=\"\" width=\"300\" height=\"157\" srcset=\"https:\/\/shop.luxfon.eu\/wp-content\/uploads\/2023\/08\/LTL78-002-300x157.jpeg 300w, https:\/\/shop.luxfon.eu\/wp-content\/uploads\/2023\/08\/LTL78-002-1024x535.jpeg 1024w, https:\/\/shop.luxfon.eu\/wp-content\/uploads\/2023\/08\/LTL78-002-768x401.jpeg 768w, https:\/\/shop.luxfon.eu\/wp-content\/uploads\/2023\/08\/LTL78-002-416x217.jpeg 416w, https:\/\/shop.luxfon.eu\/wp-content\/uploads\/2023\/08\/LTL78-002.jpeg 1278w\" sizes=\"auto, (max-width: 300px) 100vw, 300px\" \/><\/p>\n","protected":false},"excerpt":{"rendered":"<p>M\u00e9retek: 33mm x 98mm x 34mm(H)<br \/>\nBemeneti fesz\u00fclts\u00e9g: 5-11V AC vagy 7-15V DC<br \/>\nKimeneti fesz\u00fclts\u00e9g: 5V +\/- 0.2V<br \/>\nKimeneti \u00e1ram: max 1A DC<\/p>\n","protected":false},"featured_media":90,"comment_status":"open","ping_status":"closed","template":"","meta":[],"product_cat":[33],"product_tag":[],"class_list":{"0":"post-94","1":"product","2":"type-product","3":"status-publish","4":"has-post-thumbnail","6":"product_cat-linearis-tapegyseg","8":"first","9":"instock","10":"shipping-taxable","11":"purchasable","12":"product-type-simple"},"_links":{"self":[{"href":"https:\/\/shop.luxfon.eu\/index.php?rest_route=\/wp\/v2\/product\/94","targetHints":{"allow":["GET"]}}],"collection":[{"href":"https:\/\/shop.luxfon.eu\/index.php?rest_route=\/wp\/v2\/product"}],"about":[{"href":"https:\/\/shop.luxfon.eu\/index.php?rest_route=\/wp\/v2\/types\/product"}],"replies":[{"embeddable":true,"href":"https:\/\/shop.luxfon.eu\/index.php?rest_route=%2Fwp%2Fv2%2Fcomments&post=94"}],"wp:featuredmedia":[{"embeddable":true,"href":"https:\/\/shop.luxfon.eu\/index.php?rest_route=\/wp\/v2\/media\/90"}],"wp:attachment":[{"href":"https:\/\/shop.luxfon.eu\/index.php?rest_route=%2Fwp%2Fv2%2Fmedia&parent=94"}],"wp:term":[{"taxonomy":"product_cat","embeddable":true,"href":"https:\/\/shop.luxfon.eu\/index.php?rest_route=%2Fwp%2Fv2%2Fproduct_cat&post=94"},{"taxonomy":"product_tag","embeddable":true,"href":"https:\/\/shop.luxfon.eu\/index.php?rest_route=%2Fwp%2Fv2%2Fproduct_tag&post=94"}],"curies":[{"name":"wp","href":"https:\/\/api.w.org\/{rel}","templated":true}]}}