{"id":88,"date":"2023-08-30T23:24:01","date_gmt":"2023-08-30T23:24:01","guid":{"rendered":"https:\/\/shop.luxfon.eu\/?post_type=product&#038;p=88"},"modified":"2023-08-30T23:26:02","modified_gmt":"2023-08-30T23:26:02","slug":"nyak-forrlec","status":"publish","type":"product","link":"https:\/\/shop.luxfon.eu\/?product=nyak-forrlec","title":{"rendered":"Ny\u00e1k &#8220;Forrl\u00e9c&#8221;"},"content":{"rendered":"<p><img loading=\"lazy\" decoding=\"async\" class=\"alignnone size-medium wp-image-89\" src=\"http:\/\/shop.luxfon.eu\/wp-content\/uploads\/2023\/08\/forrlec-300x88.jpeg\" alt=\"\" width=\"300\" height=\"88\" srcset=\"https:\/\/shop.luxfon.eu\/wp-content\/uploads\/2023\/08\/forrlec-300x88.jpeg 300w, https:\/\/shop.luxfon.eu\/wp-content\/uploads\/2023\/08\/forrlec-1024x299.jpeg 1024w, https:\/\/shop.luxfon.eu\/wp-content\/uploads\/2023\/08\/forrlec-768x224.jpeg 768w, https:\/\/shop.luxfon.eu\/wp-content\/uploads\/2023\/08\/forrlec-416x121.jpeg 416w, https:\/\/shop.luxfon.eu\/wp-content\/uploads\/2023\/08\/forrlec.jpeg 1227w\" sizes=\"auto, (max-width: 300px) 100vw, 300px\" \/><\/p>\n","protected":false},"excerpt":{"rendered":"<p>M\u00e9ret: 100mm x 28mm (k\u00f6z\u00e9pen t\u00f6rhet\u0151)<br \/>\nFurat m\u00e9retek: M3<br \/>\nFuratok sz\u00e1ma: 2+2<br \/>\nFuratok t\u00e1vols\u00e1ga: 0-1.5&#8243;-0.5&#8243;-1.5&#8243; (k\u00e9t sz\u00e9ls\u0151 furat t\u00e1vols\u00e1ga: 3.5&#8243; (88.9mm)<\/p>\n","protected":false},"featured_media":89,"comment_status":"open","ping_status":"closed","template":"","meta":[],"product_cat":[25],"product_tag":[],"class_list":{"0":"post-88","1":"product","2":"type-product","3":"status-publish","4":"has-post-thumbnail","6":"product_cat-nyomtatott-aramkorok","8":"first","9":"instock","10":"shipping-taxable","11":"purchasable","12":"product-type-simple"},"_links":{"self":[{"href":"https:\/\/shop.luxfon.eu\/index.php?rest_route=\/wp\/v2\/product\/88","targetHints":{"allow":["GET"]}}],"collection":[{"href":"https:\/\/shop.luxfon.eu\/index.php?rest_route=\/wp\/v2\/product"}],"about":[{"href":"https:\/\/shop.luxfon.eu\/index.php?rest_route=\/wp\/v2\/types\/product"}],"replies":[{"embeddable":true,"href":"https:\/\/shop.luxfon.eu\/index.php?rest_route=%2Fwp%2Fv2%2Fcomments&post=88"}],"wp:featuredmedia":[{"embeddable":true,"href":"https:\/\/shop.luxfon.eu\/index.php?rest_route=\/wp\/v2\/media\/89"}],"wp:attachment":[{"href":"https:\/\/shop.luxfon.eu\/index.php?rest_route=%2Fwp%2Fv2%2Fmedia&parent=88"}],"wp:term":[{"taxonomy":"product_cat","embeddable":true,"href":"https:\/\/shop.luxfon.eu\/index.php?rest_route=%2Fwp%2Fv2%2Fproduct_cat&post=88"},{"taxonomy":"product_tag","embeddable":true,"href":"https:\/\/shop.luxfon.eu\/index.php?rest_route=%2Fwp%2Fv2%2Fproduct_tag&post=88"}],"curies":[{"name":"wp","href":"https:\/\/api.w.org\/{rel}","templated":true}]}}