{"id":54,"date":"2023-08-27T23:33:16","date_gmt":"2023-08-27T23:33:16","guid":{"rendered":"http:\/\/shop.luxfon.eu\/?post_type=product&#038;p=54"},"modified":"2023-08-28T14:52:20","modified_gmt":"2023-08-28T14:52:20","slug":"holco-h4p1k0fza-1k0-1","status":"publish","type":"product","link":"https:\/\/shop.luxfon.eu\/?product=holco-h4p1k0fza-1k0-1","title":{"rendered":"Holco H4P1K0FZA  1K0 1%"},"content":{"rendered":"<p><img loading=\"lazy\" decoding=\"async\" class=\"alignnone size-full wp-image-16\" src=\"http:\/\/shop.luxfon.eu\/wp-content\/uploads\/2022\/09\/holco_1.jpg\" alt=\"\" width=\"227\" height=\"216\" \/><\/p>\n","protected":false},"excerpt":{"rendered":"<p>Gy\u00e1rt\u00f3: TE Connectivity<\/p>\n<p>Ellen\u00e1ll\u00e1s t\u00edpusa: metal film<br \/>\nEllen\u00e1ll\u00e1s: 1.0 k\u03a9<br \/>\nTeljes\u00edm\u00e9ny: 1W<br \/>\nTolerancia: \u00b11%<br \/>\nH\u0151m\u00e9rs\u00e9kleti t\u00e9nyez\u0151:\u00a0 100ppm\/\u00b0C<br \/>\nAlkalmaz\u00e1s: audio<br \/>\nGy\u00e1rt\u00f3i sorozat: HOLCO<\/p>\n<p>Ellen\u00e1ll\u00e1s tulajdons\u00e1gai:<\/p>\n<p>alacsony induktivit\u00e1s, alacsony zaj<\/p>\n<p>Tov\u00e1bbi inform\u00e1ci\u00f3k:<\/p>\n<p>Brutt\u00f3 s\u00falya: 0.418 g<br \/>\nGy\u00e1rt\u00f3i jel\u00f6l\u00e9s: H4P1K0FZA<\/p>\n","protected":false},"featured_media":16,"comment_status":"open","ping_status":"closed","template":"","meta":[],"product_cat":[27],"product_tag":[],"class_list":{"0":"post-54","1":"product","2":"type-product","3":"status-publish","4":"has-post-thumbnail","6":"product_cat-holco-audio-ellenallasok","8":"first","9":"instock","10":"shipping-taxable","11":"purchasable","12":"product-type-simple"},"_links":{"self":[{"href":"https:\/\/shop.luxfon.eu\/index.php?rest_route=\/wp\/v2\/product\/54","targetHints":{"allow":["GET"]}}],"collection":[{"href":"https:\/\/shop.luxfon.eu\/index.php?rest_route=\/wp\/v2\/product"}],"about":[{"href":"https:\/\/shop.luxfon.eu\/index.php?rest_route=\/wp\/v2\/types\/product"}],"replies":[{"embeddable":true,"href":"https:\/\/shop.luxfon.eu\/index.php?rest_route=%2Fwp%2Fv2%2Fcomments&post=54"}],"wp:featuredmedia":[{"embeddable":true,"href":"https:\/\/shop.luxfon.eu\/index.php?rest_route=\/wp\/v2\/media\/16"}],"wp:attachment":[{"href":"https:\/\/shop.luxfon.eu\/index.php?rest_route=%2Fwp%2Fv2%2Fmedia&parent=54"}],"wp:term":[{"taxonomy":"product_cat","embeddable":true,"href":"https:\/\/shop.luxfon.eu\/index.php?rest_route=%2Fwp%2Fv2%2Fproduct_cat&post=54"},{"taxonomy":"product_tag","embeddable":true,"href":"https:\/\/shop.luxfon.eu\/index.php?rest_route=%2Fwp%2Fv2%2Fproduct_tag&post=54"}],"curies":[{"name":"wp","href":"https:\/\/api.w.org\/{rel}","templated":true}]}}